{"id":44,"date":"2023-08-30T09:27:30","date_gmt":"2023-08-30T16:27:30","guid":{"rendered":"https:\/\/susd12.org\/22\/store\/product\/tax-credit\/"},"modified":"2026-01-20T08:24:47","modified_gmt":"2026-01-20T15:24:47","slug":"tax-credit","status":"publish","type":"product","link":"https:\/\/susd12.org\/store\/es\/producto\/tax-credit\/","title":{"rendered":"Cr\u00e9dito fiscal"},"content":{"rendered":"<p><strong>If you cannot find the school you are looking for please  <a href=\"https:\/\/az-sunnyside-lite.intouchreceipting.com\/donations\">click here<\/a><\/strong><\/p>\n<h3>IMPORTANTE: Todas las transacciones son definitivas, no se reembolsar\u00e1n las donaciones con cr\u00e9dito fiscal y no podr\u00e1n transferirse a otras escuelas una vez presentadas. Se le enviar\u00e1 una factura por correo electr\u00f3nico una vez completada la transacci\u00f3n.<\/h3>\n<h3>\u00bfSab\u00edas que si debes impuestos puedes hacer una donaci\u00f3n escolar en su lugar?<\/h3>\n<p>Las personas que deben al menos $200 en impuestos pueden hacer una donaci\u00f3n a cualquiera de las escuelas del distrito de Sunnyside y recibir un cr\u00e9dito fiscal de igual valor para el a\u00f1o fiscal 2025. Al hacer una donaci\u00f3n ahora, usted reducir\u00e1 la cantidad de impuestos que tiene que pagar el 15 de abril. Es como hacer los pagos de lo que debe, excepto que usted le da a una escuela en lugar del IRS de Arizona. \u00a1Todos ganamos!<\/p>\n<h3>\u00bfQu\u00e9 es un cr\u00e9dito fiscal?<\/h3>\n<p>Un cr\u00e9dito fiscal es una reducci\u00f3n d\u00f3lar por d\u00f3lar de los impuestos que debe. Si el cr\u00e9dito es mayor que la cantidad de impuestos que usted debe, el cr\u00e9dito puede ser transferido hasta por cinco a\u00f1os. Recibir este cr\u00e9dito fiscal le permitir\u00e1 reducir la cantidad que debe al estado (su factura de impuestos estatales) o aumentar su reembolso del estado. Cuando declare sus impuestos de 2025 para el Estado de Arizona, la cantidad que done a su escuela ser\u00e1 la cantidad que podr\u00e1 reclamar como cr\u00e9dito fiscal estatal.<\/p>\n<h3>\u00bfC\u00f3mo funciona?<\/h3>\n<p>Si donas $200, el Estado te permitir\u00e1 desgravar $200. Cuando declares tus impuestos antes del 15 de abril, tu factura de impuestos estatales se reducir\u00e1 en $200, o si est\u00e1s recibiendo un reembolso tu reembolso ser\u00e1 de $200 m\u00e1s. De cualquier manera, usted est\u00e1 enviando sus impuestos directamente a la escuela de su elecci\u00f3n (en lugar del Estado). NO SE TE PEDIR\u00c1 TU N\u00daMERO DE LA SEGURIDAD SOCIAL CUANDO HAGAS UNA DONACI\u00d3N A TU COLEGIO.<\/p>\n<h3>\u00bfC\u00f3mo beneficia este programa a nuestras escuelas?<\/h3>\n<p>100% del dinero que dones va directamente a la escuela que elijas.<\/p>\n<h3>\u00bfA qu\u00e9 se destinar\u00e1 el dinero?<\/h3>\n<p>Los d\u00f3lares del Cr\u00e9dito Fiscal de Arizona se utilizar\u00e1n para las actividades escolares calificadas de su elecci\u00f3n. Done a actividades tales como programas atl\u00e9ticos, programas de m\u00fasica u otros clubes extraescolares.<\/p>\n<h3>\u00bfCu\u00e1nto puedo donar?<\/h3>\n<p>La ley de Arizona permite a los contribuyentes una contribuci\u00f3n de cr\u00e9dito fiscal de hasta $400 por a\u00f1o natural si el estado civil es Casado, que presenta declaraci\u00f3n conjunta; $200 por a\u00f1o natural si el estado civil es Soltero o Cabeza de familia; y, $200 por a\u00f1o natural si el estado civil es Casado, que presenta declaraci\u00f3n separada.<\/p>\n<h3>\u00bfDonar por correo?<\/h3>\n<p>Despu\u00e9s de esto <a href=\"https:\/\/susd12.org\/store\/wp-content\/uploads\/sites\/79\/2023\/08\/TaxCredit_Form_2025-4-25-25.pdf\">formulario<\/a> est\u00e1 cumplimentado, env\u00edelo o entr\u00e9guelo junto con su donativo, a nombre de la escuela de su elecci\u00f3n. Si usted env\u00eda su donaci\u00f3n por correo, debe ser matasellada antes del 15 de abril de 2026. Si lo desea, tambi\u00e9n puede traerlo a Sunnyside Unified School District, 2238 E. Ginter Road, Tucson, AZ 85706.<\/p>\n<h3>Una vez enviada la donaci\u00f3n, \u00bfhay que hacer algo m\u00e1s?<\/h3>\n<p>S\u00ed. Cuando presente su declaraci\u00f3n de impuestos, deber\u00e1 incluir el Formulario 322 de Arizona para donaciones con cr\u00e9dito fiscal. Cuando los formularios est\u00e9n disponibles, despu\u00e9s del primer d\u00eda del a\u00f1o, tendr\u00e1 que descargar Arizona\u00a0 <a href=\"https:\/\/azdor.gov\/forms\/tax-credits-forms\/credit-contributions-made-or-fees-paid-public-schools\" target=\"_blank\" rel=\"noopener\">Formulario 322<\/a>.<\/p>\n<h3>\u00bfQu\u00e9 m\u00e1s necesito saber?<\/h3>\n<p>Usted no necesita tener un ni\u00f1o matriculado en una de las escuelas SUSD para ser elegible para el cr\u00e9dito fiscal. Usted no tiene que ser un residente de Tucson para donar a una escuela. Puede donar menos de $200 (soltero) o $400 (conjuntamente) y aun as\u00ed tener derecho a recibir el cr\u00e9dito fiscal por el importe de su donaci\u00f3n.<\/p>","protected":false},"excerpt":{"rendered":"<p>If you cannot find the school you are looking for please click here IMPORTANT: All transactions are final, no refunds will be given on any tax credit donations and cannot be transferred to other schools once submitted. An invoice will be emailed to you upon the completion of your transaction. Did you know that if&hellip; <a href=\"https:\/\/susd12.org\/store\/es\/producto\/tax-credit\/\">Seguir leyendo <span class=\"meta-nav\">\u2192<\/span><\/a><\/p>","protected":false},"featured_media":331,"template":"","meta":{"_acf_changed":false},"product_brand":[],"product_cat":[18],"product_tag":[],"class_list":{"0":"post-44","1":"product","2":"type-product","3":"status-publish","4":"has-post-thumbnail","6":"product_cat-tax-credit","8":"first","9":"instock","10":"featured","11":"shipping-taxable","12":"purchasable","13":"product-type-variable","14":"nyp-product"},"acf":[],"yoast_head":"<!-- This site is optimized with the Yoast SEO plugin v27.4 - https:\/\/yoast.com\/product\/yoast-seo-wordpress\/ -->\n<title>Tax Credit - Sunnyside Unified School District Store<\/title>\n<meta name=\"robots\" content=\"index, follow, max-snippet:-1, max-image-preview:large, max-video-preview:-1\" \/>\n<link rel=\"canonical\" href=\"https:\/\/susd12.org\/store\/es\/producto\/tax-credit\/\" \/>\n<meta property=\"og:locale\" content=\"es_MX\" \/>\n<meta property=\"og:type\" content=\"article\" \/>\n<meta property=\"og:title\" content=\"Tax Credit - Sunnyside Unified School District Store\" \/>\n<meta property=\"og:description\" content=\"If you cannot find the school you are looking for please click here IMPORTANT: All transactions are final, no refunds will be given on any tax credit donations and cannot be transferred to other schools once submitted. An invoice will be emailed to you upon the completion of your transaction. Did you know that if&hellip; Continue reading &rarr;\" \/>\n<meta property=\"og:url\" content=\"https:\/\/susd12.org\/store\/es\/producto\/tax-credit\/\" \/>\n<meta property=\"og:site_name\" content=\"Sunnyside Unified School District Store\" \/>\n<meta property=\"article:modified_time\" content=\"2026-01-20T15:24:47+00:00\" \/>\n<meta property=\"og:image\" content=\"https:\/\/susd12.org\/store\/wp-content\/uploads\/sites\/79\/2023\/08\/susd-logo-stacked-full-color.png\" \/>\n\t<meta property=\"og:image:width\" content=\"439\" \/>\n\t<meta property=\"og:image:height\" content=\"344\" \/>\n\t<meta property=\"og:image:type\" content=\"image\/png\" \/>\n<meta name=\"twitter:card\" content=\"summary_large_image\" \/>\n<meta name=\"twitter:label1\" content=\"Tiempo de lectura\" \/>\n\t<meta name=\"twitter:data1\" content=\"3 minutos\" \/>\n<script type=\"application\/ld+json\" class=\"yoast-schema-graph\">{\"@context\":\"https:\\\/\\\/schema.org\",\"@graph\":[{\"@type\":\"WebPage\",\"@id\":\"https:\\\/\\\/susd12.org\\\/store\\\/product\\\/tax-credit\\\/\",\"url\":\"https:\\\/\\\/susd12.org\\\/store\\\/product\\\/tax-credit\\\/\",\"name\":\"Tax Credit - Sunnyside Unified School District Store\",\"isPartOf\":{\"@id\":\"https:\\\/\\\/susd12.org\\\/store\\\/#website\"},\"primaryImageOfPage\":{\"@id\":\"https:\\\/\\\/susd12.org\\\/store\\\/product\\\/tax-credit\\\/#primaryimage\"},\"image\":{\"@id\":\"https:\\\/\\\/susd12.org\\\/store\\\/product\\\/tax-credit\\\/#primaryimage\"},\"thumbnailUrl\":\"https:\\\/\\\/susd12.org\\\/store\\\/wp-content\\\/uploads\\\/sites\\\/79\\\/2023\\\/08\\\/susd-logo-stacked-full-color.png\",\"datePublished\":\"2023-08-30T16:27:30+00:00\",\"dateModified\":\"2026-01-20T15:24:47+00:00\",\"breadcrumb\":{\"@id\":\"https:\\\/\\\/susd12.org\\\/store\\\/product\\\/tax-credit\\\/#breadcrumb\"},\"inLanguage\":\"es\",\"potentialAction\":[{\"@type\":\"ReadAction\",\"target\":[\"https:\\\/\\\/susd12.org\\\/store\\\/product\\\/tax-credit\\\/\"]}]},{\"@type\":\"ImageObject\",\"inLanguage\":\"es\",\"@id\":\"https:\\\/\\\/susd12.org\\\/store\\\/product\\\/tax-credit\\\/#primaryimage\",\"url\":\"https:\\\/\\\/susd12.org\\\/store\\\/wp-content\\\/uploads\\\/sites\\\/79\\\/2023\\\/08\\\/susd-logo-stacked-full-color.png\",\"contentUrl\":\"https:\\\/\\\/susd12.org\\\/store\\\/wp-content\\\/uploads\\\/sites\\\/79\\\/2023\\\/08\\\/susd-logo-stacked-full-color.png\",\"width\":439,\"height\":344},{\"@type\":\"BreadcrumbList\",\"@id\":\"https:\\\/\\\/susd12.org\\\/store\\\/product\\\/tax-credit\\\/#breadcrumb\",\"itemListElement\":[{\"@type\":\"ListItem\",\"position\":1,\"name\":\"Home\",\"item\":\"https:\\\/\\\/susd12.org\\\/store\\\/\"},{\"@type\":\"ListItem\",\"position\":2,\"name\":\"Tax Credit\"}]},{\"@type\":\"WebSite\",\"@id\":\"https:\\\/\\\/susd12.org\\\/store\\\/#website\",\"url\":\"https:\\\/\\\/susd12.org\\\/store\\\/\",\"name\":\"Sunnyside Unified School District Store\",\"description\":\"\",\"publisher\":{\"@id\":\"https:\\\/\\\/susd12.org\\\/store\\\/#organization\"},\"potentialAction\":[{\"@type\":\"SearchAction\",\"target\":{\"@type\":\"EntryPoint\",\"urlTemplate\":\"https:\\\/\\\/susd12.org\\\/store\\\/?s={search_term_string}\"},\"query-input\":{\"@type\":\"PropertyValueSpecification\",\"valueRequired\":true,\"valueName\":\"search_term_string\"}}],\"inLanguage\":\"es\"},{\"@type\":\"Organization\",\"@id\":\"https:\\\/\\\/susd12.org\\\/store\\\/#organization\",\"name\":\"Sunnyside Unified School District\",\"url\":\"https:\\\/\\\/susd12.org\\\/store\\\/\",\"logo\":{\"@type\":\"ImageObject\",\"inLanguage\":\"es\",\"@id\":\"https:\\\/\\\/susd12.org\\\/store\\\/#\\\/schema\\\/logo\\\/image\\\/\",\"url\":\"https:\\\/\\\/susd12.org\\\/wp-content\\\/uploads\\\/2022\\\/05\\\/susd_2018_logo_stacked_full_color.png\",\"contentUrl\":\"https:\\\/\\\/susd12.org\\\/wp-content\\\/uploads\\\/2022\\\/05\\\/susd_2018_logo_stacked_full_color.png\",\"width\":439,\"height\":344,\"caption\":\"Sunnyside Unified School District\"},\"image\":{\"@id\":\"https:\\\/\\\/susd12.org\\\/store\\\/#\\\/schema\\\/logo\\\/image\\\/\"}}]}<\/script>\n<!-- \/ Yoast SEO plugin. -->","yoast_head_json":{"title":"Cr\u00e9dito fiscal - Tienda del Distrito Escolar Unificado de Sunnyside","robots":{"index":"index","follow":"follow","max-snippet":"max-snippet:-1","max-image-preview":"max-image-preview:large","max-video-preview":"max-video-preview:-1"},"canonical":"https:\/\/susd12.org\/store\/es\/producto\/tax-credit\/","og_locale":"es_MX","og_type":"article","og_title":"Tax Credit - Sunnyside Unified School District Store","og_description":"If you cannot find the school you are looking for please click here IMPORTANT: All transactions are final, no refunds will be given on any tax credit donations and cannot be transferred to other schools once submitted. An invoice will be emailed to you upon the completion of your transaction. Did you know that if&hellip; Continue reading &rarr;","og_url":"https:\/\/susd12.org\/store\/es\/producto\/tax-credit\/","og_site_name":"Sunnyside Unified School District Store","article_modified_time":"2026-01-20T15:24:47+00:00","og_image":[{"width":439,"height":344,"url":"https:\/\/susd12.org\/store\/wp-content\/uploads\/sites\/79\/2023\/08\/susd-logo-stacked-full-color.png","type":"image\/png"}],"twitter_card":"summary_large_image","twitter_misc":{"Tiempo de lectura":"3 minutos"},"schema":{"@context":"https:\/\/schema.org","@graph":[{"@type":"WebPage","@id":"https:\/\/susd12.org\/store\/product\/tax-credit\/","url":"https:\/\/susd12.org\/store\/product\/tax-credit\/","name":"Cr\u00e9dito fiscal - Tienda del Distrito Escolar Unificado de Sunnyside","isPartOf":{"@id":"https:\/\/susd12.org\/store\/#website"},"primaryImageOfPage":{"@id":"https:\/\/susd12.org\/store\/product\/tax-credit\/#primaryimage"},"image":{"@id":"https:\/\/susd12.org\/store\/product\/tax-credit\/#primaryimage"},"thumbnailUrl":"https:\/\/susd12.org\/store\/wp-content\/uploads\/sites\/79\/2023\/08\/susd-logo-stacked-full-color.png","datePublished":"2023-08-30T16:27:30+00:00","dateModified":"2026-01-20T15:24:47+00:00","breadcrumb":{"@id":"https:\/\/susd12.org\/store\/product\/tax-credit\/#breadcrumb"},"inLanguage":"es","potentialAction":[{"@type":"ReadAction","target":["https:\/\/susd12.org\/store\/product\/tax-credit\/"]}]},{"@type":"ImageObject","inLanguage":"es","@id":"https:\/\/susd12.org\/store\/product\/tax-credit\/#primaryimage","url":"https:\/\/susd12.org\/store\/wp-content\/uploads\/sites\/79\/2023\/08\/susd-logo-stacked-full-color.png","contentUrl":"https:\/\/susd12.org\/store\/wp-content\/uploads\/sites\/79\/2023\/08\/susd-logo-stacked-full-color.png","width":439,"height":344},{"@type":"BreadcrumbList","@id":"https:\/\/susd12.org\/store\/product\/tax-credit\/#breadcrumb","itemListElement":[{"@type":"ListItem","position":1,"name":"Home","item":"https:\/\/susd12.org\/store\/"},{"@type":"ListItem","position":2,"name":"Tax Credit"}]},{"@type":"WebSite","@id":"https:\/\/susd12.org\/store\/#website","url":"https:\/\/susd12.org\/store\/","name":"Tienda del Distrito Escolar Unificado de Sunnyside","description":"","publisher":{"@id":"https:\/\/susd12.org\/store\/#organization"},"potentialAction":[{"@type":"SearchAction","target":{"@type":"EntryPoint","urlTemplate":"https:\/\/susd12.org\/store\/?s={search_term_string}"},"query-input":{"@type":"PropertyValueSpecification","valueRequired":true,"valueName":"search_term_string"}}],"inLanguage":"es"},{"@type":"Organization","@id":"https:\/\/susd12.org\/store\/#organization","name":"Distrito Escolar Unificado de Sunnyside","url":"https:\/\/susd12.org\/store\/","logo":{"@type":"ImageObject","inLanguage":"es","@id":"https:\/\/susd12.org\/store\/#\/schema\/logo\/image\/","url":"https:\/\/susd12.org\/wp-content\/uploads\/2022\/05\/susd_2018_logo_stacked_full_color.png","contentUrl":"https:\/\/susd12.org\/wp-content\/uploads\/2022\/05\/susd_2018_logo_stacked_full_color.png","width":439,"height":344,"caption":"Sunnyside Unified School District"},"image":{"@id":"https:\/\/susd12.org\/store\/#\/schema\/logo\/image\/"}}]}},"_links":{"self":[{"href":"https:\/\/susd12.org\/store\/es\/wp-json\/wp\/v2\/product\/44","targetHints":{"allow":["GET"]}}],"collection":[{"href":"https:\/\/susd12.org\/store\/es\/wp-json\/wp\/v2\/product"}],"about":[{"href":"https:\/\/susd12.org\/store\/es\/wp-json\/wp\/v2\/types\/product"}],"wp:featuredmedia":[{"embeddable":true,"href":"https:\/\/susd12.org\/store\/es\/wp-json\/wp\/v2\/media\/331"}],"wp:attachment":[{"href":"https:\/\/susd12.org\/store\/es\/wp-json\/wp\/v2\/media?parent=44"}],"wp:term":[{"taxonomy":"product_brand","embeddable":true,"href":"https:\/\/susd12.org\/store\/es\/wp-json\/wp\/v2\/product_brand?post=44"},{"taxonomy":"product_cat","embeddable":true,"href":"https:\/\/susd12.org\/store\/es\/wp-json\/wp\/v2\/product_cat?post=44"},{"taxonomy":"product_tag","embeddable":true,"href":"https:\/\/susd12.org\/store\/es\/wp-json\/wp\/v2\/product_tag?post=44"}],"curies":[{"name":"wp","href":"https:\/\/api.w.org\/{rel}","templated":true}]}}